{"id":1016,"date":"2020-07-08T07:11:20","date_gmt":"2020-07-08T07:11:20","guid":{"rendered":"https:\/\/demo2.6storagesoftware.com\/?page_id=1016"},"modified":"2021-07-01T18:13:11","modified_gmt":"2021-07-01T18:13:11","slug":"faq","status":"publish","type":"page","link":"https:\/\/cubitek.ca\/en\/faq\/","title":{"rendered":"Faq"},"content":{"rendered":"<div data-elementor-type=\"wp-page\" data-elementor-id=\"1016\" class=\"elementor elementor-1016\">\n\t\t\t\t\t\t<div class=\"elementor-inner\">\n\t\t\t\t<div class=\"elementor-section-wrap\">\n\t\t\t\t\t\t\t\t\t<section class=\"elementor-section elementor-top-section elementor-element elementor-element-097c7b7 elementor-section-stretched elementor-section-full_width elementor-section-height-min-height elementor-section-items-bottom elementor-section-content-bottom elementor-section-height-default\" data-id=\"097c7b7\" data-element_type=\"section\" data-settings=\"{&quot;stretch_section&quot;:&quot;section-stretched&quot;,&quot;background_background&quot;:&quot;classic&quot;}\">\n\t\t\t\t\t\t<div class=\"elementor-container elementor-column-gap-default\">\n\t\t\t\t\t\t\t<div class=\"elementor-row\">\n\t\t\t\t\t<div class=\"elementor-column elementor-col-100 elementor-top-column elementor-element elementor-element-31e840f\" data-id=\"31e840f\" data-element_type=\"column\" data-settings=\"{&quot;background_background&quot;:&quot;classic&quot;}\">\n\t\t\t<div class=\"elementor-column-wrap elementor-element-populated\">\n\t\t\t\t\t\t\t<div class=\"elementor-widget-wrap\">\n\t\t\t\t\t\t<div class=\"elementor-element elementor-element-5c197df elementor-widget elementor-widget-heading\" data-id=\"5c197df\" data-element_type=\"widget\" data-widget_type=\"heading.default\">\n\t\t\t\t<div class=\"elementor-widget-container\">\n\t\t\t<h3 class=\"elementor-heading-title elementor-size-default\">FAQ<\/h3>\t\t<\/div>\n\t\t\t\t<\/div>\n\t\t\t\t\t\t<\/div>\n\t\t\t\t\t<\/div>\n\t\t<\/div>\n\t\t\t\t\t\t\t\t<\/div>\n\t\t\t\t\t<\/div>\n\t\t<\/section>\n\t\t\t\t<section class=\"elementor-section elementor-top-section elementor-element elementor-element-1bda6de elementor-section-boxed elementor-section-height-default elementor-section-height-default\" data-id=\"1bda6de\" data-element_type=\"section\">\n\t\t\t\t\t\t<div class=\"elementor-container elementor-column-gap-default\">\n\t\t\t\t\t\t\t<div class=\"elementor-row\">\n\t\t\t\t\t<div class=\"elementor-column elementor-col-100 elementor-top-column elementor-element elementor-element-72b8068\" data-id=\"72b8068\" data-element_type=\"column\">\n\t\t\t<div class=\"elementor-column-wrap elementor-element-populated\">\n\t\t\t\t\t\t\t<div class=\"elementor-widget-wrap\">\n\t\t\t\t\t\t<div class=\"elementor-element elementor-element-9ef621e elementor-widget elementor-widget-eael-adv-accordion\" data-id=\"9ef621e\" data-element_type=\"widget\" data-widget_type=\"eael-adv-accordion.default\">\n\t\t\t\t<div class=\"elementor-widget-container\">\n\t\t\t        <div class=\"eael-adv-accordion\" id=\"eael-adv-accordion-9ef621e\" data-accordion-id=\"9ef621e\" data-accordion-type=\"accordion\" data-toogle-speed=\"300\">\n    <div class=\"eael-accordion-list\">\n                <div id=\"est-ce-que-vos-entrepts-sont-scuritaires\" class=\"elementor-tab-title eael-accordion-header\" tabindex=\"1661\" data-tab=\"1\" role=\"tab\" aria-controls=\"elementor-tab-content-1661\"><span class=\"eael-accordion-tab-title\">Est-ce que vos entrep\u00f4ts sont s\u00e9curitaires?<\/span><i aria-hidden=\"true\" class=\"fa-toggle fas fa-angle-right\"><\/i><\/div><div id=\"elementor-tab-content-1661\" class=\"eael-accordion-content clearfix\" data-tab=\"1\" role=\"tabpanel\" aria-labelledby=\"est-ce-que-vos-entrepts-sont-scuritaires\"><p><p>L'entrep\u00f4t poss\u00e8de 16 cam\u00e9ras pour le batiment ainsi que des cartes \u00e0 puces pour entrer \u00e0 l'int\u00e9rieur du batiment. Donc chaque fois qu'un client entre dans le batiment nous savons de qui il s'agit et les nombreuses cam\u00e9ras captent les moindres fait et gestes.<\/p><\/p><\/div>\n                <\/div><div class=\"eael-accordion-list\">\n                <div id=\"dure-de-location\" class=\"elementor-tab-title eael-accordion-header\" tabindex=\"1662\" data-tab=\"2\" role=\"tab\" aria-controls=\"elementor-tab-content-1662\"><span class=\"eael-accordion-tab-title\">Dur\u00e9e de location?<\/span><i aria-hidden=\"true\" class=\"fa-toggle fas fa-angle-right\"><\/i><\/div><div id=\"elementor-tab-content-1662\" class=\"eael-accordion-content clearfix\" data-tab=\"2\" role=\"tabpanel\" aria-labelledby=\"dure-de-location\"><p><p>Nos entrep\u00f4ts sont principalement lou\u00e9s mensuellement. Toutefois il y \u00e0 toujours moyen d'avoir des dur\u00e9es plus courtes ou longues en nous contactant.<\/p><\/p><\/div>\n                <\/div><div class=\"eael-accordion-list\">\n                <div id=\"dois-je-apporter-mon-cadenas\" class=\"elementor-tab-title eael-accordion-header\" tabindex=\"1663\" data-tab=\"3\" role=\"tab\" aria-controls=\"elementor-tab-content-1663\"><span class=\"eael-accordion-tab-title\">Dois-je apporter mon cadenas?<\/span><i aria-hidden=\"true\" class=\"fa-toggle fas fa-angle-right\"><\/i><\/div><div id=\"elementor-tab-content-1663\" class=\"eael-accordion-content clearfix\" data-tab=\"3\" role=\"tabpanel\" aria-labelledby=\"dois-je-apporter-mon-cadenas\"><p><p>Vous devez apporter votre propre cadenas afin de verrouiller votre entrep\u00f4t. De plus, nous ne vendons pas de cadenas sur place.<\/p><\/p><\/div>\n                <\/div><\/div>\n        <!-- FAQ Schema : Starts-->\n                <!-- FAQ Schema : Ends-->\n\n        \t\t<\/div>\n\t\t\t\t<\/div>\n\t\t\t\t\t\t<\/div>\n\t\t\t\t\t<\/div>\n\t\t<\/div>\n\t\t\t\t\t\t\t\t<\/div>\n\t\t\t\t\t<\/div>\n\t\t<\/section>\n\t\t\t\t\t\t\t\t\t<\/div>\n\t\t\t<\/div>\n\t\t\t\t\t<\/div>","protected":false},"excerpt":{"rendered":"<p>FAQ Est-ce que vos entrep\u00f4ts sont s\u00e9curitaires? L&rsquo;entrep\u00f4t poss\u00e8de 16 cam\u00e9ras pour le batiment ainsi que des cartes \u00e0 puces [&hellip;]<\/p>","protected":false},"author":1,"featured_media":0,"parent":0,"menu_order":0,"comment_status":"closed","ping_status":"closed","template":"elementor_header_footer","meta":[],"_links":{"self":[{"href":"https:\/\/cubitek.ca\/en\/wp-json\/wp\/v2\/pages\/1016"}],"collection":[{"href":"https:\/\/cubitek.ca\/en\/wp-json\/wp\/v2\/pages"}],"about":[{"href":"https:\/\/cubitek.ca\/en\/wp-json\/wp\/v2\/types\/page"}],"author":[{"embeddable":true,"href":"https:\/\/cubitek.ca\/en\/wp-json\/wp\/v2\/users\/1"}],"replies":[{"embeddable":true,"href":"https:\/\/cubitek.ca\/en\/wp-json\/wp\/v2\/comments?post=1016"}],"version-history":[{"count":14,"href":"https:\/\/cubitek.ca\/en\/wp-json\/wp\/v2\/pages\/1016\/revisions"}],"predecessor-version":[{"id":1375,"href":"https:\/\/cubitek.ca\/en\/wp-json\/wp\/v2\/pages\/1016\/revisions\/1375"}],"wp:attachment":[{"href":"https:\/\/cubitek.ca\/en\/wp-json\/wp\/v2\/media?parent=1016"}],"curies":[{"name":"wp","href":"https:\/\/api.w.org\/{rel}","templated":true}]}}